{"id":28400,"date":"2025-07-30T19:06:29","date_gmt":"2025-07-30T19:06:29","guid":{"rendered":"https:\/\/ceciliafrigerio.cl\/?page_id=28400"},"modified":"2025-08-14T21:43:49","modified_gmt":"2025-08-14T21:43:49","slug":"trayectoria-artistica","status":"publish","type":"page","link":"https:\/\/ceciliafrigerio.cl\/?page_id=28400","title":{"rendered":"Trayectoria Art\u00edstica"},"content":{"rendered":"\n<figure class=\"wp-block-image size-large\"><img fetchpriority=\"high\" decoding=\"async\" width=\"1179\" height=\"800\" src=\"https:\/\/ceciliafrigerio.cl\/wp-content\/uploads\/2025\/07\/WhatsApp-Image-2025-07-18-at-22.58.14-1179x800.jpeg\" alt=\"\" class=\"wp-image-28258\" srcset=\"https:\/\/ceciliafrigerio.cl\/wp-content\/uploads\/2025\/07\/WhatsApp-Image-2025-07-18-at-22.58.14-1179x800.jpeg 1179w, https:\/\/ceciliafrigerio.cl\/wp-content\/uploads\/2025\/07\/WhatsApp-Image-2025-07-18-at-22.58.14-400x272.jpeg 400w, https:\/\/ceciliafrigerio.cl\/wp-content\/uploads\/2025\/07\/WhatsApp-Image-2025-07-18-at-22.58.14-768x521.jpeg 768w, https:\/\/ceciliafrigerio.cl\/wp-content\/uploads\/2025\/07\/WhatsApp-Image-2025-07-18-at-22.58.14-1536x1043.jpeg 1536w, https:\/\/ceciliafrigerio.cl\/wp-content\/uploads\/2025\/07\/WhatsApp-Image-2025-07-18-at-22.58.14-430x292.jpeg 430w, https:\/\/ceciliafrigerio.cl\/wp-content\/uploads\/2025\/07\/WhatsApp-Image-2025-07-18-at-22.58.14-700x475.jpeg 700w, https:\/\/ceciliafrigerio.cl\/wp-content\/uploads\/2025\/07\/WhatsApp-Image-2025-07-18-at-22.58.14-150x102.jpeg 150w, https:\/\/ceciliafrigerio.cl\/wp-content\/uploads\/2025\/07\/WhatsApp-Image-2025-07-18-at-22.58.14.jpeg 1600w\" sizes=\"(max-width: 1179px) 100vw, 1179px\" \/><\/figure>\n\n\n\n<p>Cecilia Frigerio De la Fuente, cantante de gran trayectoria musical, diplomada en Canto L\u00edrico en el Conservatorio Luiggi Cherubini de Florencia Italia, con el m\u00e1ximo de votos.<\/p>\n\n\n\n<p>Sus profesores, han sido grandes cantantes tales como: Giuliana Raimondi, Pier Miranda Ferraro, Paolo Montarsolo, Alfredo Krauss y Clara Oyuela.<\/p>\n\n\n\n<p><strong>Ha cantado los roles m\u00e1s importantes de su carrera, tales como:\u00a0<\/strong><\/p>\n\n\n\n<p>> Cio Cio San en Madama Butterfly de Giaccomo Puccini.<br>> Mimi en La Boheme de Giaccomo Puccini.<br>> Violetta en la Traviata de Giuseppe Verdi.<br>> Giselda en I Lombardi de Giuseppe Verdi.<br>> Luisa en Luisa Muller de Giuseppe Verdi.<br>> Nedda en I Pagliacci de Leoncavallo.<br>> Tatiana en Eugenio Onieguin de P. Tchaikovsky<br>> Micaela en Carmen de G. Bizet.<br>> Desdemona en Otello de G.Verdi.<br>> Contessa en Bodas de F\u00edgaro de WAMozart.<br>> Fiordiliggi en Cos\u00ed Fan Tutte de WA Mozart.<br>> Donna Anna en Don Giovanni de W A Mozart.<br>> P\u00e1mina en Flauta M\u00e1gica de W A Mozart.<br>> Elisetta en Matrimonio Segreto de Cimarossa.<br>> Liu en Turandot de G.Puccini.<\/p>\n\n\n\n<p>Ha cantado en Argentina, Teatro La Plata, Teatro Municipal de Santiago, Teatro Municipal de Temuco, El Maule San Javier, Pta. Arenas Vi\u00f1a del Mar.,Universidad de Chile Rai de Torino (Italia) Conservatorio Giuseppe Verdi Vercelli..Magenta Lugano. Teatro Sol\u00eds de Montevideo. Uruguay Teatro de \u00d3pera de Lima Per\u00fa Teatro Miraflores de Lima, Teatro de \u00d3pera de San Jos\u00e9 de Costa Rica. Teatro Balboa Panam\u00e1 Teatro de \u00d3pera de Nicaragua Sala de Concierto Altes Rathaus de Viena Aust.<\/p>\n\n\n\n<p>> Teatro de \u00d3pera en Mendoza  Argentina<br>> Teatro de la Universidad de Cuyo<br>> Ha ganado los Premios de la Cr\u00edtica Apes Altazor Amigos de la \u00d3pera<br>> Actualmente es Directora de la Academia Arte M\u00fasica Las Condes<br>> Teatro de \u00d3pera de Bogot\u00e1 Colombia<\/p>\n\n\n\n<p><\/p>\n","protected":false},"excerpt":{"rendered":"<p>Cecilia Frigerio De la Fuente, cantante de gran trayectoria musical, diplomada en Canto L\u00edrico en el Conservatorio Luiggi Cherubini de<\/p>\n","protected":false},"author":1,"featured_media":0,"parent":0,"menu_order":0,"comment_status":"closed","ping_status":"closed","template":"","meta":{"om_disable_all_campaigns":false,"_monsterinsights_skip_tracking":false,"_monsterinsights_sitenote_active":false,"_monsterinsights_sitenote_note":"","_monsterinsights_sitenote_category":0,"footnotes":""},"class_list":["post-28400","page","type-page","status-publish","hentry"],"_links":{"self":[{"href":"https:\/\/ceciliafrigerio.cl\/index.php?rest_route=\/wp\/v2\/pages\/28400","targetHints":{"allow":["GET"]}}],"collection":[{"href":"https:\/\/ceciliafrigerio.cl\/index.php?rest_route=\/wp\/v2\/pages"}],"about":[{"href":"https:\/\/ceciliafrigerio.cl\/index.php?rest_route=\/wp\/v2\/types\/page"}],"author":[{"embeddable":true,"href":"https:\/\/ceciliafrigerio.cl\/index.php?rest_route=\/wp\/v2\/users\/1"}],"replies":[{"embeddable":true,"href":"https:\/\/ceciliafrigerio.cl\/index.php?rest_route=%2Fwp%2Fv2%2Fcomments&post=28400"}],"version-history":[{"count":3,"href":"https:\/\/ceciliafrigerio.cl\/index.php?rest_route=\/wp\/v2\/pages\/28400\/revisions"}],"predecessor-version":[{"id":28450,"href":"https:\/\/ceciliafrigerio.cl\/index.php?rest_route=\/wp\/v2\/pages\/28400\/revisions\/28450"}],"wp:attachment":[{"href":"https:\/\/ceciliafrigerio.cl\/index.php?rest_route=%2Fwp%2Fv2%2Fmedia&parent=28400"}],"curies":[{"name":"wp","href":"https:\/\/api.w.org\/{rel}","templated":true}]}}